{"id":315,"date":"2024-08-28T19:24:35","date_gmt":"2024-08-28T19:24:35","guid":{"rendered":"https:\/\/orthodontistevalleyfield.com\/dr-ali-karkriali-karkri\/"},"modified":"2024-09-17T14:03:45","modified_gmt":"2024-09-17T14:03:45","slug":"dr-ali-karkri","status":"publish","type":"page","link":"https:\/\/orthodontistevalleyfield.com\/en\/dr-ali-karkri\/","title":{"rendered":"Dr. Ali Karkri"},"content":{"rendered":"\n\n\t\t\t<h3>It&#8217;s a privilege to present<\/h3><h1>Dr. Ali Karkri<\/h1>\t\t\t\n\t\t\t\t<p>Orthodontist<\/p>\n\t\t\t\t<img decoding=\"async\" src=\"https:\/\/orthodontistevalleyfield.com\/wp-content\/uploads\/2024\/08\/photo-dr-ali-karkri-orthodontiste.png\" alt=\"photo-dr-ali-karkri-orthodontiste\" title=\"photo-dr-ali-karkri-orthodontiste\" itemprop=\"image\"  \/>\n\t\t\t<h1>T<\/h1><h3>Tenacious<\/h3>\t\t\t\n\t\t\t\t<p>Dr. Karkri is a detail-oriented professional who leaves nothing to chance.<\/p>\n\t\t\t<h1>E<\/h1><h3>Empathetic<\/h3>\t\t\t\n\t\t\t\t<p>He strives to understand how his patients feel, in order to meet their needs in the best possible way.<\/p>\n\t\t\t<h1>E<\/h1><h3>Evolutive<\/h3>\t\t\t\n\t\t\t\t<p>Dr. Karkri is a specialist dentist who likes to innovate and think outside the box.<\/p>\n\t\t\t<h1>T<\/h1><h3>Transparent<\/h3>\t\t\t\n\t\t\t\t<p>He is an orthodontist who stands out for his honesty, refusing to conceal anything from his patients.<\/p>\n\t\t\t<h1>H<\/h1><h3>Helpful<\/h3>\t\t\t\n\t\t\t\t<p>He is always ready to invest all his energy in causes that are important to him.<\/p>\n\t\t\t\t<img decoding=\"async\" src=\"https:\/\/orthodontistevalleyfield.com\/wp-content\/uploads\/2024\/08\/icon-monarque-2-dr-karkri.png\" alt=\"icon-monarque-2-dr-karkri\" title=\"icon-monarque-2-dr-karkri\" itemprop=\"image\"  \/>\n\t\t\t<h3>Contents<\/h3>\n\t\t\t\t<ul>\n<li>Over a decade spent working with children and teenagers of all ages and backgrounds as a soccer instructor;<\/li>\n<li> Three research projects to his credit: an orthodontic project presented at the AAO&#8217;s annual international conference in Washington, a scientific article on orthodontics published in the ODQ journal, and a master&#8217;s project completed alongside a doctorate in dental medicine; <\/li>\n<li> Strong community and extracurricular involvement, including serving as academic vice-president of AEMDUM, and providing free soccer lessons for several years to children and teenagers from disadvantaged neighborhoods. <\/li>\n<\/ul>\n\t<h3>\n\t\t\t\tStudies\n\t\t\t<\/h3>\n\t<ul>\n\t\t<li>\t\t\t\t\n\t\t<h5>Specialized diploma in orthodontics<\/h5><p>University of Pittsburgh, Pittsburgh, PA<br \/>July 2021 &#8211; June 2024<\/p><\/li><li>\t\t\t\t\n\t\t<h5>Master of Oral Sciences<\/h5><p>Universit\u00e9 de Montr\u00e9al, Montr\u00e9al, QC<br \/>May 2018 &#8211; May 2021<\/p><\/li><li>\t\t\t\t\n\t\t<h5>Doctorate in Dental Medicine<\/h5><p>Universit\u00e9 de Montr\u00e9al, Montr\u00e9al, QC<br \/>August 2016 &#8211; May 2021<\/p><\/li><li>\t\t\t\t\n\t\t<h5>Bachelor&#8217;s degree in microbiology and immunology<\/h5><p>Universit\u00e9 de Montr\u00e9al, Montreal, QC<br \/>August 2014 &#8211; May 2016 (incomplete)<\/p><\/li><li>\t\t\t\t\n\t\t<h5>DEC in Health Sciences<\/h5><p>Dawson College, Montreal<br \/>August 2012 &#8211; May 2014<\/p><\/li>\t<\/ul>\n\t\t\t\t<img decoding=\"async\" src=\"https:\/\/orthodontistevalleyfield.com\/wp-content\/uploads\/2024\/08\/icon-monarque-1-dr-karkri.png\" alt=\"icon-monarque-1-dr-karkri\" title=\"icon-monarque-1-dr-karkri\" itemprop=\"image\"  \/>\n\t<h3>\n\t\t\t\tLanguages\n\t\t\t<\/h3>\n\t<ul>\n\t\t<li>\t\t\t\t\n\t\t<h5>French<\/h5><p>Spoken and written<\/p><\/li><li>\t\t\t\t\n\t\t<h5>English<\/h5><p>Spoken and written<\/p><\/li>\t<\/ul>\n\t<ul>\n\t\t<li>\t\t\t\t\n\t\t<h5>Arabic<\/h5><p>Spoken and written<\/p><\/li><li>\t\t\t\t\n\t\t<h5>Spanish<\/h5><p>Spoken and written (intermediate)<\/p><\/li>\t<\/ul>\n\t\t\t\t<img decoding=\"async\" src=\"https:\/\/orthodontistevalleyfield.com\/wp-content\/uploads\/2024\/08\/logo-2024-dr-karkri-orthodontiste.png\" alt=\"logo-2024-dr-karkri-orthodontiste\" title=\"logo-2024-dr-karkri-orthodontiste\" itemprop=\"image\"  \/>\n\t<ul>\n\t\t<li><a href=\"tel:+14509129185\" target=\"_self\" aria-label=\"Go to tel:+14509129185\" rel=\"noopener\"><\/a>\t\t\t\t\n\t\t<h4>450-912-9185<\/h4><\/li>\t<\/ul>\n\t<ul>\n\t\t<li><a href=\"mailto:info@orthodrkarkri.com\" target=\"_blank\" rel=\"noopener\" aria-label=\"Go to mailto:info@orthodrkarkri.com\"><\/a>\t\t\t\t\n\t\t<h6>info@orthodrkarkri.com<\/h6><\/li><li><a href=\"mailto:info@orthodrkarkri.com\" target=\"_blank\" rel=\"noopener\" aria-label=\"Go to mailto:info@orthodrkarkri.com\"><\/a>\t\t\t\t\n\t\t<h6>2180 rue Principale, St-Zotique QC J0P 1Z0<\/h6><\/li>\t<\/ul>\n\t\t\t\t<img decoding=\"async\" src=\"https:\/\/orthodontistevalleyfield.com\/wp-content\/uploads\/2024\/09\/image-icon-exit-5km-ortho-karkri.png\" alt=\"image-icon-exit-5km-ortho-karkri\" title=\"image-icon-exit-5km-ortho-karkri\" itemprop=\"image\"  \/>\n\t<iframe src=\"https:\/\/www.google.com\/maps\/embed\/v1\/place?q=Clinique+dentaire+Lac+st-Fran%C3%A7ois%0A2180%2C+rue+Principale%0ASt-Zotique%2C+Qu%C3%A9bec+J0P+1Z0&#038;key=AIzaSyD09zQ9PNDNNy9TadMuzRV_UsPUoWKntt8\" aria-hidden=\"true\"><\/iframe>\n\n","protected":false},"excerpt":{"rendered":"<p>It&#8217;s a privilege to present Dr. Ali Karkri Orthodontist T Tenacious Dr. Karkri is a detail-oriented professional who leaves nothing [&hellip;]<\/p>\n","protected":false},"author":1,"featured_media":0,"parent":0,"menu_order":0,"comment_status":"closed","ping_status":"closed","template":"","meta":{"site-sidebar-layout":"default","site-content-layout":"","ast-site-content-layout":"full-width-container","site-content-style":"default","site-sidebar-style":"default","ast-global-header-display":"","ast-banner-title-visibility":"","ast-main-header-display":"","ast-hfb-above-header-display":"","ast-hfb-below-header-display":"","ast-hfb-mobile-header-display":"","site-post-title":"disabled","ast-breadcrumbs-content":"","ast-featured-img":"","footer-sml-layout":"","theme-transparent-header-meta":"","adv-header-id-meta":"","stick-header-meta":"","header-above-stick-meta":"","header-main-stick-meta":"","header-below-stick-meta":"","astra-migrate-meta-layouts":"default","ast-page-background-enabled":"default","ast-page-background-meta":{"desktop":{"background-color":"var(--ast-global-color-4)","background-image":"","background-repeat":"repeat","background-position":"center center","background-size":"auto","background-attachment":"scroll","background-type":"","background-media":"","overlay-type":"","overlay-color":"","overlay-opacity":"","overlay-gradient":""},"tablet":{"background-color":"","background-image":"","background-repeat":"repeat","background-position":"center center","background-size":"auto","background-attachment":"scroll","background-type":"","background-media":"","overlay-type":"","overlay-color":"","overlay-opacity":"","overlay-gradient":""},"mobile":{"background-color":"","background-image":"","background-repeat":"repeat","background-position":"center center","background-size":"auto","background-attachment":"scroll","background-type":"","background-media":"","overlay-type":"","overlay-color":"","overlay-opacity":"","overlay-gradient":""}},"ast-content-background-meta":{"desktop":{"background-color":"var(--ast-global-color-5)","background-image":"","background-repeat":"repeat","background-position":"center center","background-size":"auto","background-attachment":"scroll","background-type":"","background-media":"","overlay-type":"","overlay-color":"","overlay-opacity":"","overlay-gradient":""},"tablet":{"background-color":"var(--ast-global-color-5)","background-image":"","background-repeat":"repeat","background-position":"center center","background-size":"auto","background-attachment":"scroll","background-type":"","background-media":"","overlay-type":"","overlay-color":"","overlay-opacity":"","overlay-gradient":""},"mobile":{"background-color":"var(--ast-global-color-5)","background-image":"","background-repeat":"repeat","background-position":"center center","background-size":"auto","background-attachment":"scroll","background-type":"","background-media":"","overlay-type":"","overlay-color":"","overlay-opacity":"","overlay-gradient":""}},"footnotes":""},"class_list":["post-315","page","type-page","status-publish","hentry"],"_links":{"self":[{"href":"https:\/\/orthodontistevalleyfield.com\/en\/wp-json\/wp\/v2\/pages\/315","targetHints":{"allow":["GET"]}}],"collection":[{"href":"https:\/\/orthodontistevalleyfield.com\/en\/wp-json\/wp\/v2\/pages"}],"about":[{"href":"https:\/\/orthodontistevalleyfield.com\/en\/wp-json\/wp\/v2\/types\/page"}],"author":[{"embeddable":true,"href":"https:\/\/orthodontistevalleyfield.com\/en\/wp-json\/wp\/v2\/users\/1"}],"replies":[{"embeddable":true,"href":"https:\/\/orthodontistevalleyfield.com\/en\/wp-json\/wp\/v2\/comments?post=315"}],"version-history":[{"count":4,"href":"https:\/\/orthodontistevalleyfield.com\/en\/wp-json\/wp\/v2\/pages\/315\/revisions"}],"predecessor-version":[{"id":390,"href":"https:\/\/orthodontistevalleyfield.com\/en\/wp-json\/wp\/v2\/pages\/315\/revisions\/390"}],"wp:attachment":[{"href":"https:\/\/orthodontistevalleyfield.com\/en\/wp-json\/wp\/v2\/media?parent=315"}],"curies":[{"name":"wp","href":"https:\/\/api.w.org\/{rel}","templated":true}]}}